{"id":57,"date":"2026-02-24T17:24:08","date_gmt":"2026-02-24T16:24:08","guid":{"rendered":"https:\/\/kajaki.niubrands.pl\/?page_id=57"},"modified":"2026-04-26T14:16:04","modified_gmt":"2026-04-26T12:16:04","slug":"sprzet","status":"publish","type":"page","link":"https:\/\/kajaki-wlodzimierzow.pl\/index.php\/sprzet\/","title":{"rendered":"Sprz\u0119t"},"content":{"rendered":"<section class=\"bde-section-57-100 bde-section\">\n  \n  \n\t\n\n\n\n<div class=\"section-container\"><h1 class=\"bde-heading-57-101 bde-heading\">\nSp\u0142ywy kajakowe Pilic\u0105<br>Nasz sprz\u0119t\n<\/h1><\/div>\n<\/section><section class=\"bde-section-57-111 bde-section\">\n  \n  \n\t\n\n\n\n<div class=\"section-container\"><h1 class=\"bde-heading-57-112 bde-heading\">\nDysponujemy nowoczesnymi i bezpiecznymi kajakami polietylenowymi:\n<\/h1><\/div>\n<\/section><section class=\"bde-section-57-102 bde-section\">\n  \n  \n\t\n\n\n\n<div class=\"section-container\"><div class=\"bde-columns-57-103 bde-columns\"><div class=\"bde-column-57-104 bde-column\">\n  \n  \n\t\n\n\n\n<img decoding=\"async\" class=\"bde-image2-57-105 bde-image2 lazyload\" data-src=\"https:\/\/kajaki-wlodzimierzow.pl\/wp-content\/uploads\/2026\/02\/6315e0908fb56_kajak-dwuosobowy-sprinter-ii-scaled.png\" data-srcset=\"https:\/\/kajaki-wlodzimierzow.pl\/wp-content\/uploads\/2026\/02\/6315e0908fb56_kajak-dwuosobowy-sprinter-ii-scaled.png 2560w, https:\/\/kajaki-wlodzimierzow.pl\/wp-content\/uploads\/2026\/02\/6315e0908fb56_kajak-dwuosobowy-sprinter-ii-300x135.png 300w, https:\/\/kajaki-wlodzimierzow.pl\/wp-content\/uploads\/2026\/02\/6315e0908fb56_kajak-dwuosobowy-sprinter-ii-1024x462.png 1024w, https:\/\/kajaki-wlodzimierzow.pl\/wp-content\/uploads\/2026\/02\/6315e0908fb56_kajak-dwuosobowy-sprinter-ii-768x347.png 768w, https:\/\/kajaki-wlodzimierzow.pl\/wp-content\/uploads\/2026\/02\/6315e0908fb56_kajak-dwuosobowy-sprinter-ii-1536x693.png 1536w, https:\/\/kajaki-wlodzimierzow.pl\/wp-content\/uploads\/2026\/02\/6315e0908fb56_kajak-dwuosobowy-sprinter-ii-2048x924.png 2048w\" data-sizes=\"(max-width: 2560px) 100vw, 2560px\" src=\"data:image\/svg+xml;base64,PHN2ZyB3aWR0aD0iMSIgaGVpZ2h0PSIxIiB4bWxucz0iaHR0cDovL3d3dy53My5vcmcvMjAwMC9zdmciPjwvc3ZnPg==\" style=\"--smush-placeholder-width: 2560px; --smush-placeholder-aspect-ratio: 2560\/1155;\">\n<\/div><div class=\"bde-column-57-106 bde-column\">\n  \n  \n\t\n\n\n\n<h2 class=\"bde-heading-57-107 bde-heading\">\nKajak Sprinter\n<\/h2><div class=\"bde-text-57-109 bde-text\">\nWymiary\t <br>D\u0142ugo\u015b\u0107\t4,25m<br>Szeroko\u015b\u0107\t80cm<br>Wysoko\u015b\u0107 burty\t34cm<br>Wysoko\u015b\u0107 max\t36cm<br>Waga\t37kg<br>Wyporno\u015b\u0107\t270kg<br>Kokpit wewn\u0105trz\t221cm x 49cm<br>Tworzywo\tHDPE\n<\/div>\n<\/div><\/div><\/div>\n<\/section><section class=\"bde-section-57-113 bde-section\">\n  \n  \n\t\n\n\n\n<div class=\"section-container\"><div class=\"bde-columns-57-114 bde-columns\"><div class=\"bde-column-57-115 bde-column\">\n  \n  \n\t\n\n\n\n<img decoding=\"async\" class=\"bde-image2-57-116 bde-image2 lazyload\" data-src=\"https:\/\/kajaki-wlodzimierzow.pl\/wp-content\/uploads\/2026\/02\/6315e0cb12a46_kajak-dwuosobowy-caymann-ecoline-scaled.png\" data-srcset=\"https:\/\/kajaki-wlodzimierzow.pl\/wp-content\/uploads\/2026\/02\/6315e0cb12a46_kajak-dwuosobowy-caymann-ecoline-scaled.png 2560w, https:\/\/kajaki-wlodzimierzow.pl\/wp-content\/uploads\/2026\/02\/6315e0cb12a46_kajak-dwuosobowy-caymann-ecoline-300x150.png 300w, https:\/\/kajaki-wlodzimierzow.pl\/wp-content\/uploads\/2026\/02\/6315e0cb12a46_kajak-dwuosobowy-caymann-ecoline-1024x513.png 1024w, https:\/\/kajaki-wlodzimierzow.pl\/wp-content\/uploads\/2026\/02\/6315e0cb12a46_kajak-dwuosobowy-caymann-ecoline-768x385.png 768w, https:\/\/kajaki-wlodzimierzow.pl\/wp-content\/uploads\/2026\/02\/6315e0cb12a46_kajak-dwuosobowy-caymann-ecoline-1536x770.png 1536w, https:\/\/kajaki-wlodzimierzow.pl\/wp-content\/uploads\/2026\/02\/6315e0cb12a46_kajak-dwuosobowy-caymann-ecoline-2048x1026.png 2048w\" data-sizes=\"(max-width: 2560px) 100vw, 2560px\" src=\"data:image\/svg+xml;base64,PHN2ZyB3aWR0aD0iMSIgaGVpZ2h0PSIxIiB4bWxucz0iaHR0cDovL3d3dy53My5vcmcvMjAwMC9zdmciPjwvc3ZnPg==\" style=\"--smush-placeholder-width: 2560px; --smush-placeholder-aspect-ratio: 2560\/1283;\">\n<\/div><div class=\"bde-column-57-117 bde-column\">\n  \n  \n\t\n\n\n\n<h2 class=\"bde-heading-57-118 bde-heading\">\nKajak Cayman \u2013 z dostawk\u0105 dla dzieci\n<\/h2><div class=\"bde-text-57-120 bde-text\">\n<br>Wymiary\t <br>D\u0142ugo\u015b\u0107\t3,8m<br>Szeroko\u015b\u0107\t82cm<br>Wysoko\u015b\u0107 burty\t32cm<br>Wysoko\u015b\u0107 max\t37cm<br>Waga\t34kg<br>Wyporno\u015b\u0107\t240kg<br>Kokpit wewn\u0105trz\t223cm x 54cm<br>Tworzywo\tLDPE\n<\/div>\n<\/div><\/div><\/div>\n<\/section><section class=\"bde-section-57-121 bde-section\">\n  \n  \n\t\n\n\n\n<div class=\"section-container\"><div class=\"bde-columns-57-122 bde-columns\"><div class=\"bde-column-57-123 bde-column\">\n  \n  \n\t\n\n\n\n<img decoding=\"async\" class=\"bde-image2-57-124 bde-image2 lazyload\" data-src=\"https:\/\/kajaki-wlodzimierzow.pl\/wp-content\/uploads\/2026\/03\/Kajaki_bez-tla.png\" data-srcset=\"https:\/\/kajaki-wlodzimierzow.pl\/wp-content\/uploads\/2026\/03\/Kajaki_bez-tla.png 1248w, https:\/\/kajaki-wlodzimierzow.pl\/wp-content\/uploads\/2026\/03\/Kajaki_bez-tla-300x200.png 300w, https:\/\/kajaki-wlodzimierzow.pl\/wp-content\/uploads\/2026\/03\/Kajaki_bez-tla-1024x683.png 1024w, https:\/\/kajaki-wlodzimierzow.pl\/wp-content\/uploads\/2026\/03\/Kajaki_bez-tla-768x512.png 768w\" data-sizes=\"(max-width: 1248px) 100vw, 1248px\" src=\"data:image\/svg+xml;base64,PHN2ZyB3aWR0aD0iMSIgaGVpZ2h0PSIxIiB4bWxucz0iaHR0cDovL3d3dy53My5vcmcvMjAwMC9zdmciPjwvc3ZnPg==\" style=\"--smush-placeholder-width: 1248px; --smush-placeholder-aspect-ratio: 1248\/832;\">\n<\/div><div class=\"bde-column-57-125 bde-column\">\n  \n  \n\t\n\n\n\n<h2 class=\"bde-heading-57-126 bde-heading\">\nKajak Rafa \u2013 z mo\u017cliwo\u015bci\u0105 dostawki dla dziecka\n<\/h2><div class=\"bde-text-57-128 bde-text\">\n<br>Wymiary\t <br>D\u0142ugo\u015b\u0107\t4m<br>Szeroko\u015b\u0107\t85cm<br>Wysoko\u015b\u0107 burty\t35cm<br>Wysoko\u015b\u0107 max\t37cm<br>Waga\t36kg<br>Wyporno\u015b\u0107\t250kg<br>Kokpit wewn\u0105trz\t219cm x 54cm<br>Tworzywo\tLDPE\n<\/div>\n<\/div><\/div><\/div>\n<\/section><section class=\"bde-section-57-135 bde-section\">\n  \n  \n\t\n\n\n\n<div class=\"section-container\"><div class=\"bde-columns-57-136 bde-columns\"><div class=\"bde-column-57-137 bde-column\">\n  \n  \n\t\n\n\n\n<img decoding=\"async\" class=\"bde-image2-57-138 bde-image2 lazyload\" data-src=\"https:\/\/kajaki-wlodzimierzow.pl\/wp-content\/uploads\/2026\/03\/Projekt-bez-nazwy-31.png\" data-srcset=\"https:\/\/kajaki-wlodzimierzow.pl\/wp-content\/uploads\/2026\/03\/Projekt-bez-nazwy-31.png 1248w, https:\/\/kajaki-wlodzimierzow.pl\/wp-content\/uploads\/2026\/03\/Projekt-bez-nazwy-31-300x200.png 300w, https:\/\/kajaki-wlodzimierzow.pl\/wp-content\/uploads\/2026\/03\/Projekt-bez-nazwy-31-1024x683.png 1024w, https:\/\/kajaki-wlodzimierzow.pl\/wp-content\/uploads\/2026\/03\/Projekt-bez-nazwy-31-768x512.png 768w\" data-sizes=\"(max-width: 1248px) 100vw, 1248px\" src=\"data:image\/svg+xml;base64,PHN2ZyB3aWR0aD0iMSIgaGVpZ2h0PSIxIiB4bWxucz0iaHR0cDovL3d3dy53My5vcmcvMjAwMC9zdmciPjwvc3ZnPg==\" style=\"--smush-placeholder-width: 1248px; --smush-placeholder-aspect-ratio: 1248\/832;\">\n<\/div><div class=\"bde-column-57-139 bde-column\">\n  \n  \n\t\n\n\n\n<h2 class=\"bde-heading-57-140 bde-heading\">\nWios\u0142o Kajakowe Scorpio Smart 1 cz\u0119\u015bciowe\n<\/h2><div class=\"bde-text-57-141 bde-text\">\nTo lekkie wios\u0142o przeznaczone do kajakarstwa nizinnego z mocnym pi\u00f3rem wykonanym z Fibrylonu(polipropylen wzmacniany w\u0142\u00f3knem szklanym) osadzonym na aluminiowym dr\u0105\u017cku malowanym proszkowo na kolor czarny, zabezpieczonym w miejscu chwytu koszulk\u0105 PVC.\n<\/div>\n<\/div><\/div><\/div>\n<\/section>","protected":false},"excerpt":{"rendered":"<p>Sp\u0142ywy kajakowe Pilic\u0105Nasz sprz\u0119t Dysponujemy nowoczesnymi i bezpiecznymi kajakami polietylenowymi: Kajak Sprinter Wymiary D\u0142ugo\u015b\u0107 4,25mSzeroko\u015b\u0107 80cmWysoko\u015b\u0107 burty 34cmWysoko\u015b\u0107 max 36cmWaga 37kgWyporno\u015b\u0107 270kgKokpit wewn\u0105trz 221cm x 49cmTworzywo HDPE Kajak Cayman \u2013 z dostawk\u0105 dla dzieci Wymiary D\u0142ugo\u015b\u0107 3,8mSzeroko\u015b\u0107 82cmWysoko\u015b\u0107 burty 32cmWysoko\u015b\u0107 max 37cmWaga 34kgWyporno\u015b\u0107 240kgKokpit wewn\u0105trz 223cm x 54cmTworzywo LDPE Kajak Rafa \u2013 z mo\u017cliwo\u015bci\u0105 dostawki [&hellip;]<\/p>\n","protected":false},"author":1,"featured_media":0,"parent":0,"menu_order":0,"comment_status":"closed","ping_status":"closed","template":"","meta":{"_breakdance_hide_in_design_set":false,"_breakdance_tags":"","footnotes":""},"class_list":["post-57","page","type-page","status-publish","hentry"],"yoast_head":"<!-- This site is optimized with the Yoast SEO plugin v27.5 - https:\/\/yoast.com\/product\/yoast-seo-wordpress\/ -->\n<title>Wynajem kajak\u00f3w i sprz\u0119tu kajakowego<\/title>\n<meta name=\"description\" content=\"Oferujemy kajaki, wios\u0142a i kamizelki asekuracyjne. Sprawd\u017a dost\u0119pny sprz\u0119t kajakowy i przygotuj si\u0119 na sp\u0142yw.\" \/>\n<meta name=\"robots\" content=\"index, follow, max-snippet:-1, max-image-preview:large, max-video-preview:-1\" \/>\n<link rel=\"canonical\" href=\"https:\/\/kajaki-wlodzimierzow.pl\/index.php\/sprzet\/\" \/>\n<meta property=\"og:locale\" content=\"pl_PL\" \/>\n<meta property=\"og:type\" content=\"article\" \/>\n<meta property=\"og:title\" content=\"Wynajem kajak\u00f3w i sprz\u0119tu kajakowego\" \/>\n<meta property=\"og:description\" content=\"Oferujemy kajaki, wios\u0142a i kamizelki asekuracyjne. Sprawd\u017a dost\u0119pny sprz\u0119t kajakowy i przygotuj si\u0119 na sp\u0142yw.\" \/>\n<meta property=\"og:url\" content=\"https:\/\/kajaki-wlodzimierzow.pl\/index.php\/sprzet\/\" \/>\n<meta property=\"og:site_name\" content=\"Kajaki W\u0142odzimierz\u00f3w | Sp\u0142ywy Pilic\u0105 i Luci\u0105\u017c\u0105 | Okolice Sulejowa\" \/>\n<meta property=\"article:publisher\" content=\"https:\/\/www.facebook.com\/profile.php?id=61558382524758&amp;locale=pl_PL\" \/>\n<meta property=\"article:modified_time\" content=\"2026-04-26T12:16:04+00:00\" \/>\n<meta name=\"twitter:card\" content=\"summary_large_image\" \/>\n<meta name=\"twitter:label1\" content=\"Szacowany czas czytania\" \/>\n\t<meta name=\"twitter:data1\" content=\"2 minuty\" \/>\n<script type=\"application\/ld+json\" class=\"yoast-schema-graph\">{\"@context\":\"https:\\\/\\\/schema.org\",\"@graph\":[{\"@type\":\"WebPage\",\"@id\":\"https:\\\/\\\/kajaki-wlodzimierzow.pl\\\/index.php\\\/sprzet\\\/\",\"url\":\"https:\\\/\\\/kajaki-wlodzimierzow.pl\\\/index.php\\\/sprzet\\\/\",\"name\":\"Wynajem kajak\u00f3w i sprz\u0119tu kajakowego\",\"isPartOf\":{\"@id\":\"https:\\\/\\\/kajaki-wlodzimierzow.pl\\\/#website\"},\"datePublished\":\"2026-02-24T16:24:08+00:00\",\"dateModified\":\"2026-04-26T12:16:04+00:00\",\"description\":\"Oferujemy kajaki, wios\u0142a i kamizelki asekuracyjne. Sprawd\u017a dost\u0119pny sprz\u0119t kajakowy i przygotuj si\u0119 na sp\u0142yw.\",\"breadcrumb\":{\"@id\":\"https:\\\/\\\/kajaki-wlodzimierzow.pl\\\/index.php\\\/sprzet\\\/#breadcrumb\"},\"inLanguage\":\"pl-PL\",\"potentialAction\":[{\"@type\":\"ReadAction\",\"target\":[\"https:\\\/\\\/kajaki-wlodzimierzow.pl\\\/index.php\\\/sprzet\\\/\"]}]},{\"@type\":\"BreadcrumbList\",\"@id\":\"https:\\\/\\\/kajaki-wlodzimierzow.pl\\\/index.php\\\/sprzet\\\/#breadcrumb\",\"itemListElement\":[{\"@type\":\"ListItem\",\"position\":1,\"name\":\"Strona g\u0142\u00f3wna\",\"item\":\"https:\\\/\\\/kajaki-wlodzimierzow.pl\\\/\"},{\"@type\":\"ListItem\",\"position\":2,\"name\":\"Sprz\u0119t\"}]},{\"@type\":\"WebSite\",\"@id\":\"https:\\\/\\\/kajaki-wlodzimierzow.pl\\\/#website\",\"url\":\"https:\\\/\\\/kajaki-wlodzimierzow.pl\\\/\",\"name\":\"Kajaki W\u0142odzimierz\u00f3w - sp\u0142ywy Pilic\u0105\",\"description\":\"\",\"publisher\":{\"@id\":\"https:\\\/\\\/kajaki-wlodzimierzow.pl\\\/#organization\"},\"potentialAction\":[{\"@type\":\"SearchAction\",\"target\":{\"@type\":\"EntryPoint\",\"urlTemplate\":\"https:\\\/\\\/kajaki-wlodzimierzow.pl\\\/?s={search_term_string}\"},\"query-input\":{\"@type\":\"PropertyValueSpecification\",\"valueRequired\":true,\"valueName\":\"search_term_string\"}}],\"inLanguage\":\"pl-PL\"},{\"@type\":\"Organization\",\"@id\":\"https:\\\/\\\/kajaki-wlodzimierzow.pl\\\/#organization\",\"name\":\"Kajaki W\u0142odzimierz\u00f3w - sp\u0142ywy Pilic\u0105\",\"url\":\"https:\\\/\\\/kajaki-wlodzimierzow.pl\\\/\",\"logo\":{\"@type\":\"ImageObject\",\"inLanguage\":\"pl-PL\",\"@id\":\"https:\\\/\\\/kajaki-wlodzimierzow.pl\\\/#\\\/schema\\\/logo\\\/image\\\/\",\"url\":\"https:\\\/\\\/kajaki-wlodzimierzow.pl\\\/wp-content\\\/uploads\\\/2026\\\/02\\\/cropped-455963212_122137751324279417_4847682950874298793_n.jpg\",\"contentUrl\":\"https:\\\/\\\/kajaki-wlodzimierzow.pl\\\/wp-content\\\/uploads\\\/2026\\\/02\\\/cropped-455963212_122137751324279417_4847682950874298793_n.jpg\",\"width\":512,\"height\":512,\"caption\":\"Kajaki W\u0142odzimierz\u00f3w - sp\u0142ywy Pilic\u0105\"},\"image\":{\"@id\":\"https:\\\/\\\/kajaki-wlodzimierzow.pl\\\/#\\\/schema\\\/logo\\\/image\\\/\"},\"sameAs\":[\"https:\\\/\\\/www.facebook.com\\\/profile.php?id=61558382524758&locale=pl_PL\"]}]}<\/script>\n<!-- \/ Yoast SEO plugin. -->","yoast_head_json":{"title":"Wynajem kajak\u00f3w i sprz\u0119tu kajakowego","description":"Oferujemy kajaki, wios\u0142a i kamizelki asekuracyjne. Sprawd\u017a dost\u0119pny sprz\u0119t kajakowy i przygotuj si\u0119 na sp\u0142yw.","robots":{"index":"index","follow":"follow","max-snippet":"max-snippet:-1","max-image-preview":"max-image-preview:large","max-video-preview":"max-video-preview:-1"},"canonical":"https:\/\/kajaki-wlodzimierzow.pl\/index.php\/sprzet\/","og_locale":"pl_PL","og_type":"article","og_title":"Wynajem kajak\u00f3w i sprz\u0119tu kajakowego","og_description":"Oferujemy kajaki, wios\u0142a i kamizelki asekuracyjne. Sprawd\u017a dost\u0119pny sprz\u0119t kajakowy i przygotuj si\u0119 na sp\u0142yw.","og_url":"https:\/\/kajaki-wlodzimierzow.pl\/index.php\/sprzet\/","og_site_name":"Kajaki W\u0142odzimierz\u00f3w | Sp\u0142ywy Pilic\u0105 i Luci\u0105\u017c\u0105 | Okolice Sulejowa","article_publisher":"https:\/\/www.facebook.com\/profile.php?id=61558382524758&locale=pl_PL","article_modified_time":"2026-04-26T12:16:04+00:00","twitter_card":"summary_large_image","twitter_misc":{"Szacowany czas czytania":"2 minuty"},"schema":{"@context":"https:\/\/schema.org","@graph":[{"@type":"WebPage","@id":"https:\/\/kajaki-wlodzimierzow.pl\/index.php\/sprzet\/","url":"https:\/\/kajaki-wlodzimierzow.pl\/index.php\/sprzet\/","name":"Wynajem kajak\u00f3w i sprz\u0119tu kajakowego","isPartOf":{"@id":"https:\/\/kajaki-wlodzimierzow.pl\/#website"},"datePublished":"2026-02-24T16:24:08+00:00","dateModified":"2026-04-26T12:16:04+00:00","description":"Oferujemy kajaki, wios\u0142a i kamizelki asekuracyjne. Sprawd\u017a dost\u0119pny sprz\u0119t kajakowy i przygotuj si\u0119 na sp\u0142yw.","breadcrumb":{"@id":"https:\/\/kajaki-wlodzimierzow.pl\/index.php\/sprzet\/#breadcrumb"},"inLanguage":"pl-PL","potentialAction":[{"@type":"ReadAction","target":["https:\/\/kajaki-wlodzimierzow.pl\/index.php\/sprzet\/"]}]},{"@type":"BreadcrumbList","@id":"https:\/\/kajaki-wlodzimierzow.pl\/index.php\/sprzet\/#breadcrumb","itemListElement":[{"@type":"ListItem","position":1,"name":"Strona g\u0142\u00f3wna","item":"https:\/\/kajaki-wlodzimierzow.pl\/"},{"@type":"ListItem","position":2,"name":"Sprz\u0119t"}]},{"@type":"WebSite","@id":"https:\/\/kajaki-wlodzimierzow.pl\/#website","url":"https:\/\/kajaki-wlodzimierzow.pl\/","name":"Kajaki W\u0142odzimierz\u00f3w - sp\u0142ywy Pilic\u0105","description":"","publisher":{"@id":"https:\/\/kajaki-wlodzimierzow.pl\/#organization"},"potentialAction":[{"@type":"SearchAction","target":{"@type":"EntryPoint","urlTemplate":"https:\/\/kajaki-wlodzimierzow.pl\/?s={search_term_string}"},"query-input":{"@type":"PropertyValueSpecification","valueRequired":true,"valueName":"search_term_string"}}],"inLanguage":"pl-PL"},{"@type":"Organization","@id":"https:\/\/kajaki-wlodzimierzow.pl\/#organization","name":"Kajaki W\u0142odzimierz\u00f3w - sp\u0142ywy Pilic\u0105","url":"https:\/\/kajaki-wlodzimierzow.pl\/","logo":{"@type":"ImageObject","inLanguage":"pl-PL","@id":"https:\/\/kajaki-wlodzimierzow.pl\/#\/schema\/logo\/image\/","url":"https:\/\/kajaki-wlodzimierzow.pl\/wp-content\/uploads\/2026\/02\/cropped-455963212_122137751324279417_4847682950874298793_n.jpg","contentUrl":"https:\/\/kajaki-wlodzimierzow.pl\/wp-content\/uploads\/2026\/02\/cropped-455963212_122137751324279417_4847682950874298793_n.jpg","width":512,"height":512,"caption":"Kajaki W\u0142odzimierz\u00f3w - sp\u0142ywy Pilic\u0105"},"image":{"@id":"https:\/\/kajaki-wlodzimierzow.pl\/#\/schema\/logo\/image\/"},"sameAs":["https:\/\/www.facebook.com\/profile.php?id=61558382524758&locale=pl_PL"]}]}},"_links":{"self":[{"href":"https:\/\/kajaki-wlodzimierzow.pl\/index.php\/wp-json\/wp\/v2\/pages\/57","targetHints":{"allow":["GET"]}}],"collection":[{"href":"https:\/\/kajaki-wlodzimierzow.pl\/index.php\/wp-json\/wp\/v2\/pages"}],"about":[{"href":"https:\/\/kajaki-wlodzimierzow.pl\/index.php\/wp-json\/wp\/v2\/types\/page"}],"author":[{"embeddable":true,"href":"https:\/\/kajaki-wlodzimierzow.pl\/index.php\/wp-json\/wp\/v2\/users\/1"}],"replies":[{"embeddable":true,"href":"https:\/\/kajaki-wlodzimierzow.pl\/index.php\/wp-json\/wp\/v2\/comments?post=57"}],"version-history":[{"count":11,"href":"https:\/\/kajaki-wlodzimierzow.pl\/index.php\/wp-json\/wp\/v2\/pages\/57\/revisions"}],"predecessor-version":[{"id":249,"href":"https:\/\/kajaki-wlodzimierzow.pl\/index.php\/wp-json\/wp\/v2\/pages\/57\/revisions\/249"}],"wp:attachment":[{"href":"https:\/\/kajaki-wlodzimierzow.pl\/index.php\/wp-json\/wp\/v2\/media?parent=57"}],"curies":[{"name":"wp","href":"https:\/\/api.w.org\/{rel}","templated":true}]}}