{"id":185,"date":"2026-03-02T23:32:10","date_gmt":"2026-03-02T22:32:10","guid":{"rendered":"https:\/\/kajaki.niubrands.pl\/?page_id=185"},"modified":"2026-04-26T14:17:40","modified_gmt":"2026-04-26T12:17:40","slug":"zasady-bezpieczenstwa","status":"publish","type":"page","link":"https:\/\/kajaki-wlodzimierzow.pl\/index.php\/zasady-bezpieczenstwa\/","title":{"rendered":"Zasady bezpiecze\u0144stwa"},"content":{"rendered":"<section class=\"bde-section-185-100 bde-section\">\n  \n  \n\t\n\n\n\n<div class=\"section-container\"><h1 class=\"bde-heading-185-101 bde-heading\">\nZasady bezpiecze\u0144stwa <br>na sp\u0142ywie kajakowym\n<\/h1><\/div>\n<\/section><section class=\"bde-section-185-103 bde-section\">\n  \n  \n\t\n\n\n\n<div class=\"section-container\"><img decoding=\"async\" class=\"bde-image2-185-104 bde-image2 lazyload\" data-src=\"https:\/\/kajaki-wlodzimierzow.pl\/wp-content\/uploads\/2026\/03\/IMG_20250716_172842-scaled.jpg\" data-srcset=\"https:\/\/kajaki-wlodzimierzow.pl\/wp-content\/uploads\/2026\/03\/IMG_20250716_172842-scaled.jpg 2560w, https:\/\/kajaki-wlodzimierzow.pl\/wp-content\/uploads\/2026\/03\/IMG_20250716_172842-300x225.jpg 300w, https:\/\/kajaki-wlodzimierzow.pl\/wp-content\/uploads\/2026\/03\/IMG_20250716_172842-1024x768.jpg 1024w, https:\/\/kajaki-wlodzimierzow.pl\/wp-content\/uploads\/2026\/03\/IMG_20250716_172842-768x576.jpg 768w, https:\/\/kajaki-wlodzimierzow.pl\/wp-content\/uploads\/2026\/03\/IMG_20250716_172842-1536x1152.jpg 1536w, https:\/\/kajaki-wlodzimierzow.pl\/wp-content\/uploads\/2026\/03\/IMG_20250716_172842-2048x1536.jpg 2048w\" data-sizes=\"(max-width: 2560px) 100vw, 2560px\" src=\"data:image\/svg+xml;base64,PHN2ZyB3aWR0aD0iMSIgaGVpZ2h0PSIxIiB4bWxucz0iaHR0cDovL3d3dy53My5vcmcvMjAwMC9zdmciPjwvc3ZnPg==\" style=\"--smush-placeholder-width: 2560px; --smush-placeholder-aspect-ratio: 2560\/1920;\"><div class=\"bde-rich-text-185-105 bde-rich-text breakdance-rich-text-styles\">\n<h1 data-start=\"5\" data-end=\"74\">Zasady bezpiecze\u0144stwa na sp\u0142ywie kajakowym \u2013 poradnik dla rodzin<\/h1>\n<p data-start=\"76\" data-end=\"503\">Sp\u0142yw kajakowy to bezpieczna i przyjemna forma aktywnego wypoczynku, pod warunkiem przestrzegania podstawowych zasad. Dotyczy to szczeg\u00f3lnie rodzin z dzie\u0107mi, gdzie odpowiedzialno\u015b\u0107 i organizacja maj\u0105 kluczowe znaczenie. Ka\u017cdy uczestnik \u2013 bez wzgl\u0119du na wiek i umiej\u0119tno\u015b\u0107 p\u0142ywania \u2013 powinien mie\u0107 za\u0142o\u017con\u0105 kamizelk\u0119 asekuracyjn\u0105 przez ca\u0142y czas przebywania na wodzie. Kamizelka musi by\u0107 dobrze dopasowana i prawid\u0142owo zapi\u0119ta.<\/p>\n<h2 data-start=\"505\" data-end=\"544\">Przygotowanie przed wej\u015bciem na wod\u0119<\/h2>\n<p data-start=\"546\" data-end=\"622\">Przed rozpocz\u0119ciem sp\u0142ywu warto dok\u0142adnie wys\u0142ucha\u0107 instrukta\u017cu dotycz\u0105cego:<\/p>\n<ul data-start=\"623\" data-end=\"803\">\n<li data-start=\"623\" data-end=\"672\">\n<p data-start=\"625\" data-end=\"672\">prawid\u0142owego wsiadania i wysiadania z kajaka,<\/p>\n<\/li>\n<li data-start=\"673\" data-end=\"702\">\n<p data-start=\"675\" data-end=\"702\">sposobu trzymania wios\u0142a,<\/p>\n<\/li>\n<li data-start=\"703\" data-end=\"768\">\n<p data-start=\"705\" data-end=\"768\">podstawowych manewr\u00f3w (skr\u0119t, hamowanie, omijanie przeszk\u00f3d),<\/p>\n<\/li>\n<li data-start=\"769\" data-end=\"803\">\n<p data-start=\"771\" data-end=\"803\">zachowania w przypadku wywrotki.<\/p>\n<\/li>\n<\/ul>\n<p data-start=\"805\" data-end=\"1012\">Dzieci powinny zajmowa\u0107 stabilne miejsce w kajaku \u2013 najcz\u0119\u015bciej \u015brodkowe w kajaku trzyosobowym lub przednie w dwuosobowym, zgodnie z zaleceniami organizatora. Zawsze powinny p\u0142yn\u0105\u0107 pod opiek\u0105 osoby doros\u0142ej.<\/p>\n<h2 data-start=\"1014\" data-end=\"1036\">Zachowanie na rzece<\/h2>\n<p data-start=\"1038\" data-end=\"1060\">Podczas sp\u0142ywu nale\u017cy:<\/p>\n<ul data-start=\"1061\" data-end=\"1281\">\n<li data-start=\"1061\" data-end=\"1109\">\n<p data-start=\"1063\" data-end=\"1109\">zachowa\u0107 bezpieczne odst\u0119py mi\u0119dzy kajakami,<\/p>\n<\/li>\n<li data-start=\"1110\" data-end=\"1167\">\n<p data-start=\"1112\" data-end=\"1167\">unika\u0107 nag\u0142ych manewr\u00f3w bez sygnalizowania ich innym,<\/p>\n<\/li>\n<li data-start=\"1168\" data-end=\"1228\">\n<p data-start=\"1170\" data-end=\"1228\">nie wstawa\u0107 w kajaku i nie wychyla\u0107 si\u0119 poza jego obrys,<\/p>\n<\/li>\n<li data-start=\"1229\" data-end=\"1281\">\n<p data-start=\"1231\" data-end=\"1281\">dostosowa\u0107 tempo do najs\u0142abszego uczestnika grupy.<\/p>\n<\/li>\n<\/ul>\n<p data-start=\"1283\" data-end=\"1519\">Sp\u0142yw to nie wy\u015bcig \u2013 jego celem jest wsp\u00f3lne prze\u017cywanie przygody i bezpieczny powr\u00f3t na met\u0119. W razie wywrotki nale\u017cy zachowa\u0107 spok\u00f3j, trzyma\u0107 si\u0119 kajaka i dop\u0142yn\u0105\u0107 do brzegu. Kajak unosi si\u0119 na wodzie, dlatego nie nale\u017cy go puszcza\u0107.<\/p>\n<h2 data-start=\"1521\" data-end=\"1553\">Pogoda i kondycja uczestnik\u00f3w<\/h2>\n<p data-start=\"1555\" data-end=\"1864\">Przed sp\u0142ywem warto sprawdzi\u0107 prognoz\u0119 pogody. W upalne dni szczeg\u00f3lnie wa\u017cne jest nawodnienie i ochrona przed s\u0142o\u0144cem, a w ch\u0142odniejsze \u2013 odpowiedni ubi\u00f3r. Je\u017celi kt\u00f3re\u015b z dzieci lub doros\u0142ych czuje si\u0119 os\u0142abione, nale\u017cy zrobi\u0107 przerw\u0119. Regularne postoje pomagaj\u0105 utrzyma\u0107 komfort i dobr\u0105 atmosfer\u0119 w grupie.<\/p>\n<p data-start=\"1866\" data-end=\"2024\">Bezpiecze\u0144stwo to podstawa udanej przygody \u2013 odpowiednie przygotowanie sprawia, \u017ce sp\u0142yw staje si\u0119 przyjemnym i bezstresowym do\u015bwiadczeniem dla ca\u0142ej rodziny.<\/p>\n<\/div><\/div>\n<\/section>","protected":false},"excerpt":{"rendered":"<p>Zasady bezpiecze\u0144stwa na sp\u0142ywie kajakowym Zasady bezpiecze\u0144stwa na sp\u0142ywie kajakowym \u2013 poradnik dla rodzin Sp\u0142yw kajakowy to bezpieczna i przyjemna forma aktywnego wypoczynku, pod warunkiem przestrzegania podstawowych zasad. Dotyczy to szczeg\u00f3lnie rodzin z dzie\u0107mi, gdzie odpowiedzialno\u015b\u0107 i organizacja maj\u0105 kluczowe znaczenie. Ka\u017cdy uczestnik \u2013 bez wzgl\u0119du na wiek i umiej\u0119tno\u015b\u0107 p\u0142ywania \u2013 powinien mie\u0107 za\u0142o\u017con\u0105 [&hellip;]<\/p>\n","protected":false},"author":1,"featured_media":0,"parent":0,"menu_order":0,"comment_status":"closed","ping_status":"closed","template":"","meta":{"_breakdance_hide_in_design_set":false,"_breakdance_tags":"","footnotes":""},"class_list":["post-185","page","type-page","status-publish","hentry"],"yoast_head":"<!-- This site is optimized with the Yoast SEO plugin v27.5 - https:\/\/yoast.com\/product\/yoast-seo-wordpress\/ -->\n<title>Zasady bezpiecze\u0144stwa na sp\u0142ywie kajakowym<\/title>\n<meta name=\"description\" content=\"Poznaj zasady bezpiecze\u0144stwa podczas sp\u0142ywu kajakowego. Sprawd\u017a, jak zadba\u0107 o siebie i innych na wodzie.\" \/>\n<meta name=\"robots\" content=\"index, follow, max-snippet:-1, max-image-preview:large, max-video-preview:-1\" \/>\n<link rel=\"canonical\" href=\"https:\/\/kajaki-wlodzimierzow.pl\/index.php\/zasady-bezpieczenstwa\/\" \/>\n<meta property=\"og:locale\" content=\"pl_PL\" \/>\n<meta property=\"og:type\" content=\"article\" \/>\n<meta property=\"og:title\" content=\"Zasady bezpiecze\u0144stwa na sp\u0142ywie kajakowym\" \/>\n<meta property=\"og:description\" content=\"Poznaj zasady bezpiecze\u0144stwa podczas sp\u0142ywu kajakowego. Sprawd\u017a, jak zadba\u0107 o siebie i innych na wodzie.\" \/>\n<meta property=\"og:url\" content=\"https:\/\/kajaki-wlodzimierzow.pl\/index.php\/zasady-bezpieczenstwa\/\" \/>\n<meta property=\"og:site_name\" content=\"Kajaki W\u0142odzimierz\u00f3w | Sp\u0142ywy Pilic\u0105 i Luci\u0105\u017c\u0105 | Okolice Sulejowa\" \/>\n<meta property=\"article:publisher\" content=\"https:\/\/www.facebook.com\/profile.php?id=61558382524758&amp;locale=pl_PL\" \/>\n<meta property=\"article:modified_time\" content=\"2026-04-26T12:17:40+00:00\" \/>\n<meta name=\"twitter:card\" content=\"summary_large_image\" \/>\n<meta name=\"twitter:label1\" content=\"Szacowany czas czytania\" \/>\n\t<meta name=\"twitter:data1\" content=\"2 minuty\" \/>\n<script type=\"application\/ld+json\" class=\"yoast-schema-graph\">{\"@context\":\"https:\\\/\\\/schema.org\",\"@graph\":[{\"@type\":\"WebPage\",\"@id\":\"https:\\\/\\\/kajaki-wlodzimierzow.pl\\\/index.php\\\/zasady-bezpieczenstwa\\\/\",\"url\":\"https:\\\/\\\/kajaki-wlodzimierzow.pl\\\/index.php\\\/zasady-bezpieczenstwa\\\/\",\"name\":\"Zasady bezpiecze\u0144stwa na sp\u0142ywie kajakowym\",\"isPartOf\":{\"@id\":\"https:\\\/\\\/kajaki-wlodzimierzow.pl\\\/#website\"},\"datePublished\":\"2026-03-02T22:32:10+00:00\",\"dateModified\":\"2026-04-26T12:17:40+00:00\",\"description\":\"Poznaj zasady bezpiecze\u0144stwa podczas sp\u0142ywu kajakowego. Sprawd\u017a, jak zadba\u0107 o siebie i innych na wodzie.\",\"breadcrumb\":{\"@id\":\"https:\\\/\\\/kajaki-wlodzimierzow.pl\\\/index.php\\\/zasady-bezpieczenstwa\\\/#breadcrumb\"},\"inLanguage\":\"pl-PL\",\"potentialAction\":[{\"@type\":\"ReadAction\",\"target\":[\"https:\\\/\\\/kajaki-wlodzimierzow.pl\\\/index.php\\\/zasady-bezpieczenstwa\\\/\"]}]},{\"@type\":\"BreadcrumbList\",\"@id\":\"https:\\\/\\\/kajaki-wlodzimierzow.pl\\\/index.php\\\/zasady-bezpieczenstwa\\\/#breadcrumb\",\"itemListElement\":[{\"@type\":\"ListItem\",\"position\":1,\"name\":\"Strona g\u0142\u00f3wna\",\"item\":\"https:\\\/\\\/kajaki-wlodzimierzow.pl\\\/\"},{\"@type\":\"ListItem\",\"position\":2,\"name\":\"Zasady bezpiecze\u0144stwa\"}]},{\"@type\":\"WebSite\",\"@id\":\"https:\\\/\\\/kajaki-wlodzimierzow.pl\\\/#website\",\"url\":\"https:\\\/\\\/kajaki-wlodzimierzow.pl\\\/\",\"name\":\"Kajaki W\u0142odzimierz\u00f3w - sp\u0142ywy Pilic\u0105\",\"description\":\"\",\"publisher\":{\"@id\":\"https:\\\/\\\/kajaki-wlodzimierzow.pl\\\/#organization\"},\"potentialAction\":[{\"@type\":\"SearchAction\",\"target\":{\"@type\":\"EntryPoint\",\"urlTemplate\":\"https:\\\/\\\/kajaki-wlodzimierzow.pl\\\/?s={search_term_string}\"},\"query-input\":{\"@type\":\"PropertyValueSpecification\",\"valueRequired\":true,\"valueName\":\"search_term_string\"}}],\"inLanguage\":\"pl-PL\"},{\"@type\":\"Organization\",\"@id\":\"https:\\\/\\\/kajaki-wlodzimierzow.pl\\\/#organization\",\"name\":\"Kajaki W\u0142odzimierz\u00f3w - sp\u0142ywy Pilic\u0105\",\"url\":\"https:\\\/\\\/kajaki-wlodzimierzow.pl\\\/\",\"logo\":{\"@type\":\"ImageObject\",\"inLanguage\":\"pl-PL\",\"@id\":\"https:\\\/\\\/kajaki-wlodzimierzow.pl\\\/#\\\/schema\\\/logo\\\/image\\\/\",\"url\":\"https:\\\/\\\/kajaki-wlodzimierzow.pl\\\/wp-content\\\/uploads\\\/2026\\\/02\\\/cropped-455963212_122137751324279417_4847682950874298793_n.jpg\",\"contentUrl\":\"https:\\\/\\\/kajaki-wlodzimierzow.pl\\\/wp-content\\\/uploads\\\/2026\\\/02\\\/cropped-455963212_122137751324279417_4847682950874298793_n.jpg\",\"width\":512,\"height\":512,\"caption\":\"Kajaki W\u0142odzimierz\u00f3w - sp\u0142ywy Pilic\u0105\"},\"image\":{\"@id\":\"https:\\\/\\\/kajaki-wlodzimierzow.pl\\\/#\\\/schema\\\/logo\\\/image\\\/\"},\"sameAs\":[\"https:\\\/\\\/www.facebook.com\\\/profile.php?id=61558382524758&locale=pl_PL\"]}]}<\/script>\n<!-- \/ Yoast SEO plugin. -->","yoast_head_json":{"title":"Zasady bezpiecze\u0144stwa na sp\u0142ywie kajakowym","description":"Poznaj zasady bezpiecze\u0144stwa podczas sp\u0142ywu kajakowego. Sprawd\u017a, jak zadba\u0107 o siebie i innych na wodzie.","robots":{"index":"index","follow":"follow","max-snippet":"max-snippet:-1","max-image-preview":"max-image-preview:large","max-video-preview":"max-video-preview:-1"},"canonical":"https:\/\/kajaki-wlodzimierzow.pl\/index.php\/zasady-bezpieczenstwa\/","og_locale":"pl_PL","og_type":"article","og_title":"Zasady bezpiecze\u0144stwa na sp\u0142ywie kajakowym","og_description":"Poznaj zasady bezpiecze\u0144stwa podczas sp\u0142ywu kajakowego. Sprawd\u017a, jak zadba\u0107 o siebie i innych na wodzie.","og_url":"https:\/\/kajaki-wlodzimierzow.pl\/index.php\/zasady-bezpieczenstwa\/","og_site_name":"Kajaki W\u0142odzimierz\u00f3w | Sp\u0142ywy Pilic\u0105 i Luci\u0105\u017c\u0105 | Okolice Sulejowa","article_publisher":"https:\/\/www.facebook.com\/profile.php?id=61558382524758&locale=pl_PL","article_modified_time":"2026-04-26T12:17:40+00:00","twitter_card":"summary_large_image","twitter_misc":{"Szacowany czas czytania":"2 minuty"},"schema":{"@context":"https:\/\/schema.org","@graph":[{"@type":"WebPage","@id":"https:\/\/kajaki-wlodzimierzow.pl\/index.php\/zasady-bezpieczenstwa\/","url":"https:\/\/kajaki-wlodzimierzow.pl\/index.php\/zasady-bezpieczenstwa\/","name":"Zasady bezpiecze\u0144stwa na sp\u0142ywie kajakowym","isPartOf":{"@id":"https:\/\/kajaki-wlodzimierzow.pl\/#website"},"datePublished":"2026-03-02T22:32:10+00:00","dateModified":"2026-04-26T12:17:40+00:00","description":"Poznaj zasady bezpiecze\u0144stwa podczas sp\u0142ywu kajakowego. Sprawd\u017a, jak zadba\u0107 o siebie i innych na wodzie.","breadcrumb":{"@id":"https:\/\/kajaki-wlodzimierzow.pl\/index.php\/zasady-bezpieczenstwa\/#breadcrumb"},"inLanguage":"pl-PL","potentialAction":[{"@type":"ReadAction","target":["https:\/\/kajaki-wlodzimierzow.pl\/index.php\/zasady-bezpieczenstwa\/"]}]},{"@type":"BreadcrumbList","@id":"https:\/\/kajaki-wlodzimierzow.pl\/index.php\/zasady-bezpieczenstwa\/#breadcrumb","itemListElement":[{"@type":"ListItem","position":1,"name":"Strona g\u0142\u00f3wna","item":"https:\/\/kajaki-wlodzimierzow.pl\/"},{"@type":"ListItem","position":2,"name":"Zasady bezpiecze\u0144stwa"}]},{"@type":"WebSite","@id":"https:\/\/kajaki-wlodzimierzow.pl\/#website","url":"https:\/\/kajaki-wlodzimierzow.pl\/","name":"Kajaki W\u0142odzimierz\u00f3w - sp\u0142ywy Pilic\u0105","description":"","publisher":{"@id":"https:\/\/kajaki-wlodzimierzow.pl\/#organization"},"potentialAction":[{"@type":"SearchAction","target":{"@type":"EntryPoint","urlTemplate":"https:\/\/kajaki-wlodzimierzow.pl\/?s={search_term_string}"},"query-input":{"@type":"PropertyValueSpecification","valueRequired":true,"valueName":"search_term_string"}}],"inLanguage":"pl-PL"},{"@type":"Organization","@id":"https:\/\/kajaki-wlodzimierzow.pl\/#organization","name":"Kajaki W\u0142odzimierz\u00f3w - sp\u0142ywy Pilic\u0105","url":"https:\/\/kajaki-wlodzimierzow.pl\/","logo":{"@type":"ImageObject","inLanguage":"pl-PL","@id":"https:\/\/kajaki-wlodzimierzow.pl\/#\/schema\/logo\/image\/","url":"https:\/\/kajaki-wlodzimierzow.pl\/wp-content\/uploads\/2026\/02\/cropped-455963212_122137751324279417_4847682950874298793_n.jpg","contentUrl":"https:\/\/kajaki-wlodzimierzow.pl\/wp-content\/uploads\/2026\/02\/cropped-455963212_122137751324279417_4847682950874298793_n.jpg","width":512,"height":512,"caption":"Kajaki W\u0142odzimierz\u00f3w - sp\u0142ywy Pilic\u0105"},"image":{"@id":"https:\/\/kajaki-wlodzimierzow.pl\/#\/schema\/logo\/image\/"},"sameAs":["https:\/\/www.facebook.com\/profile.php?id=61558382524758&locale=pl_PL"]}]}},"_links":{"self":[{"href":"https:\/\/kajaki-wlodzimierzow.pl\/index.php\/wp-json\/wp\/v2\/pages\/185","targetHints":{"allow":["GET"]}}],"collection":[{"href":"https:\/\/kajaki-wlodzimierzow.pl\/index.php\/wp-json\/wp\/v2\/pages"}],"about":[{"href":"https:\/\/kajaki-wlodzimierzow.pl\/index.php\/wp-json\/wp\/v2\/types\/page"}],"author":[{"embeddable":true,"href":"https:\/\/kajaki-wlodzimierzow.pl\/index.php\/wp-json\/wp\/v2\/users\/1"}],"replies":[{"embeddable":true,"href":"https:\/\/kajaki-wlodzimierzow.pl\/index.php\/wp-json\/wp\/v2\/comments?post=185"}],"version-history":[{"count":5,"href":"https:\/\/kajaki-wlodzimierzow.pl\/index.php\/wp-json\/wp\/v2\/pages\/185\/revisions"}],"predecessor-version":[{"id":233,"href":"https:\/\/kajaki-wlodzimierzow.pl\/index.php\/wp-json\/wp\/v2\/pages\/185\/revisions\/233"}],"wp:attachment":[{"href":"https:\/\/kajaki-wlodzimierzow.pl\/index.php\/wp-json\/wp\/v2\/media?parent=185"}],"curies":[{"name":"wp","href":"https:\/\/api.w.org\/{rel}","templated":true}]}}